{"id":18,"date":"2025-05-05T15:13:41","date_gmt":"2025-05-05T13:13:41","guid":{"rendered":"https:\/\/dsconsulting.gmbh\/?page_id=18"},"modified":"2026-01-29T11:17:38","modified_gmt":"2026-01-29T10:17:38","slug":"d-s-consulting-it-fuer-notare-in-bayern","status":"publish","type":"page","link":"https:\/\/www.dsconsulting.gmbh\/","title":{"rendered":"IT f\u00fcr Notare in Bayern"},"content":{"rendered":"\n<p><img loading=\"lazy\" decoding=\"async\" width=\"1100\" height=\"272\" class=\"wp-image-71\" style=\"width: 1100px;\" src=\"https:\/\/www.dsconsulting.gmbh\/wp-content\/uploads\/2025\/05\/Home_Banner.jpg\" alt=\"\" srcset=\"https:\/\/www.dsconsulting.gmbh\/wp-content\/uploads\/2025\/05\/Home_Banner.jpg 727w, https:\/\/www.dsconsulting.gmbh\/wp-content\/uploads\/2025\/05\/Home_Banner-300x74.jpg 300w\" sizes=\"auto, (max-width: 1100px) 100vw, 1100px\" \/><\/p>\n\n\n\n<p><strong>Sicher. Stabil. Pers\u00f6nlich.<\/strong><\/p>\n\n\n\n<p>Als zuverl\u00e4ssiger IT-Dienstleister und Partner f\u00fcr Notariate in Bayern begleiten wir Sie seit \u00fcber 20 Jahren mit ma\u00dfgeschneiderten L\u00f6sungen rund um IT-Infrastruktur, Telekommunikation, Datenschutz und IT-Sicherheit.<\/p>\n\n\n\n<p>Notarielle IT ist kein Feld f\u00fcr Experimente. Wir kennen die t\u00e4glichen Anforderungen \u2013 von <strong>XNP<\/strong> \u00fcber <strong>beN<\/strong> bis hin zur sicheren Anbindung an das <strong>Urkundenarchiv<\/strong> der <strong>BNotK<\/strong>. Durch unsere guten Kontakte zu <strong>CVCNotre<\/strong>, <strong>ArnoTop<\/strong>, <strong>ProNotar<\/strong> und <strong>NNplus<\/strong> bleiben Systeme stabil, sicher und up to date. Die ersten Kunden nehmen au\u00dferdem bereits an der <strong>elektronischen Beurkundung<\/strong> teil. Wir beraten Sie gerne!<\/p>\n\n\n\n<p>Unser Anspruch: Technik, die im Hintergrund zuverl\u00e4ssig ihren Dienst tut \u2013 und ein Partner, der mitdenkt, vorausschauend agiert und sich ehrlich k\u00fcmmert.<\/p>\n\n\n\n<p>Mit fachlicher Pr\u00e4zision, schneller Unterst\u00fctzung und einem hohen Ma\u00df an F\u00fcrsorge sorgen wir f\u00fcr eine IT, die Ihnen den R\u00fccken freih\u00e4lt \u2013 jeden Tag.<\/p>\n\n\n\n<p><strong>IT muss keine Baustelle sein.<\/strong><br>Wir schaffen Ruhe, Verl\u00e4sslichkeit und Sicherheit \u2013 digital wie zwischenmenschlich.<\/p>\n\n\n\n<p>Ob Ihr Notariat in <strong>M\u00fcnchen<\/strong>, <strong>N\u00fcrnberg<\/strong>, <strong>Regensburg<\/strong>, <strong>Augsburg<\/strong>, <strong>W\u00fcrzburg<\/strong>, <strong>Ingolstadt<\/strong>, <strong>Passau<\/strong>, <strong>Bayreuth<\/strong>, <strong>Landshut<\/strong>, <strong>Weiden i.d. Oberpfalz<\/strong> oder einem anderen Ort in Bayern liegt: Wir sind pers\u00f6nlich erreichbar und mit vollem Einsatz f\u00fcr Sie da.<\/p>\n\n\n\n<p>Lassen Sie uns sprechen \u2013 pers\u00f6nlich, kompetent und auf Augenh\u00f6he.<\/p>\n\n\n\n<p><\/p>\n","protected":false},"excerpt":{"rendered":"<p>Sicher. Stabil. Pers\u00f6nlich. Als zuverl\u00e4ssiger IT-Dienstleister und Partner f\u00fcr Notariate in Bayern begleiten wir Sie seit \u00fcber 20 Jahren mit ma\u00dfgeschneiderten L\u00f6sungen rund um IT-Infrastruktur, Telekommunikation, Datenschutz und IT-Sicherheit. Notarielle IT ist kein Feld f\u00fcr Experimente. Wir kennen die t\u00e4glichen Anforderungen \u2013 von XNP \u00fcber beN bis hin zur sicheren Anbindung an das Urkundenarchiv der&hellip;&nbsp;<\/p>\n","protected":false},"author":1,"featured_media":0,"parent":0,"menu_order":0,"comment_status":"closed","ping_status":"open","template":"","meta":{"neve_meta_sidebar":"","neve_meta_container":"","neve_meta_enable_content_width":"","neve_meta_content_width":0,"neve_meta_title_alignment":"","neve_meta_author_avatar":"","neve_post_elements_order":"","neve_meta_disable_header":"","neve_meta_disable_footer":"","neve_meta_disable_title":"","footnotes":""},"class_list":["post-18","page","type-page","status-publish","hentry"],"_links":{"self":[{"href":"https:\/\/www.dsconsulting.gmbh\/wp-json\/wp\/v2\/pages\/18","targetHints":{"allow":["GET"]}}],"collection":[{"href":"https:\/\/www.dsconsulting.gmbh\/wp-json\/wp\/v2\/pages"}],"about":[{"href":"https:\/\/www.dsconsulting.gmbh\/wp-json\/wp\/v2\/types\/page"}],"author":[{"embeddable":true,"href":"https:\/\/www.dsconsulting.gmbh\/wp-json\/wp\/v2\/users\/1"}],"replies":[{"embeddable":true,"href":"https:\/\/www.dsconsulting.gmbh\/wp-json\/wp\/v2\/comments?post=18"}],"version-history":[{"count":16,"href":"https:\/\/www.dsconsulting.gmbh\/wp-json\/wp\/v2\/pages\/18\/revisions"}],"predecessor-version":[{"id":167,"href":"https:\/\/www.dsconsulting.gmbh\/wp-json\/wp\/v2\/pages\/18\/revisions\/167"}],"wp:attachment":[{"href":"https:\/\/www.dsconsulting.gmbh\/wp-json\/wp\/v2\/media?parent=18"}],"curies":[{"name":"wp","href":"https:\/\/api.w.org\/{rel}","templated":true}]}}